{"id":595,"date":"2021-01-17T22:46:40","date_gmt":"2021-01-17T22:46:40","guid":{"rendered":"https:\/\/fundacjasmart.pl\/?page_id=595"},"modified":"2021-01-17T22:51:17","modified_gmt":"2021-01-17T22:51:17","slug":"project-give-your-things-a-second-life","status":"publish","type":"page","link":"https:\/\/fundacjasmart.pl\/en\/project-give-your-things-a-second-life\/","title":{"rendered":"Project Give your things a second life"},"content":{"rendered":"<div class=\"wpb-content-wrapper\"><p>[vc_row][vc_column][vc_column_text]<\/p>\n<h1><img loading=\"lazy\" decoding=\"async\" class=\"alignright wp-image-152\" src=\"https:\/\/fundacjasmart.pl\/wp-content\/uploads\/2020\/12\/Daj-swoim-rzeczom-drugie-zycie-212x300.jpg\" alt=\"\" width=\"400\" height=\"565\" srcset=\"https:\/\/fundacjasmart.pl\/wp-content\/uploads\/2020\/12\/Daj-swoim-rzeczom-drugie-zycie-212x300.jpg 212w, https:\/\/fundacjasmart.pl\/wp-content\/uploads\/2020\/12\/Daj-swoim-rzeczom-drugie-zycie-724x1024.jpg 724w, https:\/\/fundacjasmart.pl\/wp-content\/uploads\/2020\/12\/Daj-swoim-rzeczom-drugie-zycie-768x1086.jpg 768w, https:\/\/fundacjasmart.pl\/wp-content\/uploads\/2020\/12\/Daj-swoim-rzeczom-drugie-zycie.jpg 800w\" sizes=\"auto, (max-width: 400px) 100vw, 400px\" \/>Project \u201eGive your things a second life&#8221;<\/h1>\n<p>Project no 2020-1-PL01-ESC31-078957<\/p>\n<p><a class=\"read-more\" href=\"https:\/\/rzeczy.fundacjasmart.pl\" target=\"_blank\" rel=\"noopener\">Go to project website<\/a><\/p>\n<div>The project supports the acquisition of competences in the field of ecology. The project is initiated by a group of young people, but participation in its implementation will be possible for a wide audience from the area of Zag\u0142\u0119bie D\u0105browskie &#8211; school and university students, working people, the unemployed and seniors. The basic criterion for participation in the project is readiness for regular meetings within the project group. The level of workshops will be adapted to the capabilities and needs of the participants. The project is intended to integrate the local community and also applies to disadvantaged groups through the involvement of people at risk of social exclusion &#8211; people in a difficult economic and life situation, for whom participation in the project will be possible due to adequate support that removes financial, cultural and mental barriers.<\/div>\n<div>\n<div><\/div>\n<\/div>\n<div><strong>The implementation of the project will contribute to:<\/strong><\/div>\n<ul>\n<li>social activation within the local environment<\/li>\n<li>development of proecological attitudes<\/li>\n<li>counteracting social pathologies<\/li>\n<li>development of residents&#8217; interests<\/li>\n<li>promotion of a conscious and balanced lifestyle<\/li>\n<li>integration of the local community<\/li>\n<li>supporting entrepreneurship through effective use of funds<\/li>\n<li>cooperation with other associations and institutions<\/li>\n<li>increased knowledge about the activities of associations and initiatives they undertake<\/li>\n<li>increase of knowledge about the possibilities of obtaining EU funds for local, national and international activities<\/li>\n<\/ul>\n<p>[\/vc_column_text][vc_empty_space height=&#8221;40px&#8221;][\/vc_column][\/vc_row]<\/p>\n<\/div>","protected":false},"excerpt":{"rendered":"<p>[vc_row][vc_column][vc_column_text] Project \u201eGive your things a second life&#8221; Project no 2020-1-PL01-ESC31-078957 Go to project website The project supports the acquisition &hellip; <\/p>\n","protected":false},"author":1,"featured_media":0,"parent":0,"menu_order":0,"comment_status":"closed","ping_status":"closed","template":"page-left-sidebar.php","meta":{"footnotes":""},"class_list":["post-595","page","type-page","status-publish","hentry"],"yoast_head":"<!-- This site is optimized with the Yoast SEO plugin v26.6 - https:\/\/yoast.com\/wordpress\/plugins\/seo\/ -->\n<title>Project Give your things a second life - Fundacja Smart<\/title>\n<meta name=\"robots\" content=\"index, follow, max-snippet:-1, max-image-preview:large, max-video-preview:-1\" \/>\n<link rel=\"canonical\" href=\"https:\/\/fundacjasmart.pl\/en\/project-give-your-things-a-second-life\/\" \/>\n<meta property=\"og:locale\" content=\"en_US\" \/>\n<meta property=\"og:type\" content=\"article\" \/>\n<meta property=\"og:title\" content=\"Project Give your things a second life - Fundacja Smart\" \/>\n<meta property=\"og:description\" content=\"[vc_row][vc_column][vc_column_text] Project \u201eGive your things a second life&#8221; Project no 2020-1-PL01-ESC31-078957 Go to project website The project supports the acquisition &hellip;\" \/>\n<meta property=\"og:url\" content=\"https:\/\/fundacjasmart.pl\/en\/project-give-your-things-a-second-life\/\" \/>\n<meta property=\"og:site_name\" content=\"Fundacja Smart\" \/>\n<meta property=\"article:modified_time\" content=\"2021-01-17T22:51:17+00:00\" \/>\n<meta property=\"og:image\" content=\"https:\/\/fundacjasmart.pl\/wp-content\/uploads\/2020\/12\/Daj-swoim-rzeczom-drugie-zycie-212x300.jpg\" \/>\n<meta name=\"twitter:card\" content=\"summary_large_image\" \/>\n<meta name=\"twitter:label1\" content=\"Est. reading time\" \/>\n\t<meta name=\"twitter:data1\" content=\"1 minute\" \/>\n<script type=\"application\/ld+json\" class=\"yoast-schema-graph\">{\"@context\":\"https:\/\/schema.org\",\"@graph\":[{\"@type\":\"WebPage\",\"@id\":\"https:\/\/fundacjasmart.pl\/en\/project-give-your-things-a-second-life\/\",\"url\":\"https:\/\/fundacjasmart.pl\/en\/project-give-your-things-a-second-life\/\",\"name\":\"Project Give your things a second life - Fundacja Smart\",\"isPartOf\":{\"@id\":\"https:\/\/fundacjasmart.pl\/#website\"},\"primaryImageOfPage\":{\"@id\":\"https:\/\/fundacjasmart.pl\/en\/project-give-your-things-a-second-life\/#primaryimage\"},\"image\":{\"@id\":\"https:\/\/fundacjasmart.pl\/en\/project-give-your-things-a-second-life\/#primaryimage\"},\"thumbnailUrl\":\"https:\/\/fundacjasmart.pl\/wp-content\/uploads\/2020\/12\/Daj-swoim-rzeczom-drugie-zycie-212x300.jpg\",\"datePublished\":\"2021-01-17T22:46:40+00:00\",\"dateModified\":\"2021-01-17T22:51:17+00:00\",\"breadcrumb\":{\"@id\":\"https:\/\/fundacjasmart.pl\/en\/project-give-your-things-a-second-life\/#breadcrumb\"},\"inLanguage\":\"en-US\",\"potentialAction\":[{\"@type\":\"ReadAction\",\"target\":[\"https:\/\/fundacjasmart.pl\/en\/project-give-your-things-a-second-life\/\"]}]},{\"@type\":\"ImageObject\",\"inLanguage\":\"en-US\",\"@id\":\"https:\/\/fundacjasmart.pl\/en\/project-give-your-things-a-second-life\/#primaryimage\",\"url\":\"https:\/\/fundacjasmart.pl\/wp-content\/uploads\/2020\/12\/Daj-swoim-rzeczom-drugie-zycie-212x300.jpg\",\"contentUrl\":\"https:\/\/fundacjasmart.pl\/wp-content\/uploads\/2020\/12\/Daj-swoim-rzeczom-drugie-zycie-212x300.jpg\"},{\"@type\":\"BreadcrumbList\",\"@id\":\"https:\/\/fundacjasmart.pl\/en\/project-give-your-things-a-second-life\/#breadcrumb\",\"itemListElement\":[{\"@type\":\"ListItem\",\"position\":1,\"name\":\"Strona g\u0142\u00f3wna\",\"item\":\"https:\/\/fundacjasmart.pl\/en\/\"},{\"@type\":\"ListItem\",\"position\":2,\"name\":\"Project Give your things a second life\"}]},{\"@type\":\"WebSite\",\"@id\":\"https:\/\/fundacjasmart.pl\/#website\",\"url\":\"https:\/\/fundacjasmart.pl\/\",\"name\":\"Fundacja Smart\",\"description\":\"\",\"potentialAction\":[{\"@type\":\"SearchAction\",\"target\":{\"@type\":\"EntryPoint\",\"urlTemplate\":\"https:\/\/fundacjasmart.pl\/?s={search_term_string}\"},\"query-input\":{\"@type\":\"PropertyValueSpecification\",\"valueRequired\":true,\"valueName\":\"search_term_string\"}}],\"inLanguage\":\"en-US\"}]}<\/script>\n<!-- \/ Yoast SEO plugin. -->","yoast_head_json":{"title":"Project Give your things a second life - Fundacja Smart","robots":{"index":"index","follow":"follow","max-snippet":"max-snippet:-1","max-image-preview":"max-image-preview:large","max-video-preview":"max-video-preview:-1"},"canonical":"https:\/\/fundacjasmart.pl\/en\/project-give-your-things-a-second-life\/","og_locale":"en_US","og_type":"article","og_title":"Project Give your things a second life - Fundacja Smart","og_description":"[vc_row][vc_column][vc_column_text] Project \u201eGive your things a second life&#8221; Project no 2020-1-PL01-ESC31-078957 Go to project website The project supports the acquisition &hellip;","og_url":"https:\/\/fundacjasmart.pl\/en\/project-give-your-things-a-second-life\/","og_site_name":"Fundacja Smart","article_modified_time":"2021-01-17T22:51:17+00:00","og_image":[{"url":"https:\/\/fundacjasmart.pl\/wp-content\/uploads\/2020\/12\/Daj-swoim-rzeczom-drugie-zycie-212x300.jpg","type":"","width":"","height":""}],"twitter_card":"summary_large_image","twitter_misc":{"Est. reading time":"1 minute"},"schema":{"@context":"https:\/\/schema.org","@graph":[{"@type":"WebPage","@id":"https:\/\/fundacjasmart.pl\/en\/project-give-your-things-a-second-life\/","url":"https:\/\/fundacjasmart.pl\/en\/project-give-your-things-a-second-life\/","name":"Project Give your things a second life - Fundacja Smart","isPartOf":{"@id":"https:\/\/fundacjasmart.pl\/#website"},"primaryImageOfPage":{"@id":"https:\/\/fundacjasmart.pl\/en\/project-give-your-things-a-second-life\/#primaryimage"},"image":{"@id":"https:\/\/fundacjasmart.pl\/en\/project-give-your-things-a-second-life\/#primaryimage"},"thumbnailUrl":"https:\/\/fundacjasmart.pl\/wp-content\/uploads\/2020\/12\/Daj-swoim-rzeczom-drugie-zycie-212x300.jpg","datePublished":"2021-01-17T22:46:40+00:00","dateModified":"2021-01-17T22:51:17+00:00","breadcrumb":{"@id":"https:\/\/fundacjasmart.pl\/en\/project-give-your-things-a-second-life\/#breadcrumb"},"inLanguage":"en-US","potentialAction":[{"@type":"ReadAction","target":["https:\/\/fundacjasmart.pl\/en\/project-give-your-things-a-second-life\/"]}]},{"@type":"ImageObject","inLanguage":"en-US","@id":"https:\/\/fundacjasmart.pl\/en\/project-give-your-things-a-second-life\/#primaryimage","url":"https:\/\/fundacjasmart.pl\/wp-content\/uploads\/2020\/12\/Daj-swoim-rzeczom-drugie-zycie-212x300.jpg","contentUrl":"https:\/\/fundacjasmart.pl\/wp-content\/uploads\/2020\/12\/Daj-swoim-rzeczom-drugie-zycie-212x300.jpg"},{"@type":"BreadcrumbList","@id":"https:\/\/fundacjasmart.pl\/en\/project-give-your-things-a-second-life\/#breadcrumb","itemListElement":[{"@type":"ListItem","position":1,"name":"Strona g\u0142\u00f3wna","item":"https:\/\/fundacjasmart.pl\/en\/"},{"@type":"ListItem","position":2,"name":"Project Give your things a second life"}]},{"@type":"WebSite","@id":"https:\/\/fundacjasmart.pl\/#website","url":"https:\/\/fundacjasmart.pl\/","name":"Fundacja Smart","description":"","potentialAction":[{"@type":"SearchAction","target":{"@type":"EntryPoint","urlTemplate":"https:\/\/fundacjasmart.pl\/?s={search_term_string}"},"query-input":{"@type":"PropertyValueSpecification","valueRequired":true,"valueName":"search_term_string"}}],"inLanguage":"en-US"}]}},"_links":{"self":[{"href":"https:\/\/fundacjasmart.pl\/en\/wp-json\/wp\/v2\/pages\/595","targetHints":{"allow":["GET"]}}],"collection":[{"href":"https:\/\/fundacjasmart.pl\/en\/wp-json\/wp\/v2\/pages"}],"about":[{"href":"https:\/\/fundacjasmart.pl\/en\/wp-json\/wp\/v2\/types\/page"}],"author":[{"embeddable":true,"href":"https:\/\/fundacjasmart.pl\/en\/wp-json\/wp\/v2\/users\/1"}],"replies":[{"embeddable":true,"href":"https:\/\/fundacjasmart.pl\/en\/wp-json\/wp\/v2\/comments?post=595"}],"version-history":[{"count":3,"href":"https:\/\/fundacjasmart.pl\/en\/wp-json\/wp\/v2\/pages\/595\/revisions"}],"predecessor-version":[{"id":600,"href":"https:\/\/fundacjasmart.pl\/en\/wp-json\/wp\/v2\/pages\/595\/revisions\/600"}],"wp:attachment":[{"href":"https:\/\/fundacjasmart.pl\/en\/wp-json\/wp\/v2\/media?parent=595"}],"curies":[{"name":"wp","href":"https:\/\/api.w.org\/{rel}","templated":true}]}}