{"id":514,"date":"2021-01-12T21:04:09","date_gmt":"2021-01-12T21:04:09","guid":{"rendered":"https:\/\/fundacjasmart.pl\/?page_id=514"},"modified":"2022-12-07T20:29:51","modified_gmt":"2022-12-07T20:29:51","slug":"our-partners","status":"publish","type":"page","link":"https:\/\/fundacjasmart.pl\/en\/our-partners\/","title":{"rendered":"Our partners"},"content":{"rendered":"<div class=\"wpb-content-wrapper\"><p>[vc_row][vc_column][vc_column_text]<\/p>\n<h1>Our partners<\/h1>\n<p>[\/vc_column_text][vc_empty_space height=&#8221;40px&#8221;][vc_row_inner][vc_column_inner width=&#8221;1\/4&#8243;][mnky_retina_image img_url=&#8221;390&#8243; width=&#8221;200px&#8221; link=&#8221;url:http%3A%2F%2Fwww.szansana.website.pl|target:_blank&#8221;][vc_empty_space height=&#8221;20px&#8221;][\/vc_column_inner][vc_column_inner width=&#8221;3\/4&#8243;][vc_column_text]<a href=\"http:\/\/www.szansana.website.pl\/\" target=\"_blank\" rel=\"noopener\">www.szansana.website.pl<\/a>[\/vc_column_text][vc_empty_space height=&#8221;10px&#8221;][vc_column_text]<strong>The Social Welfare Center in \u017bory<\/strong>[\/vc_column_text][\/vc_column_inner][\/vc_row_inner][vc_empty_space height=&#8221;40px&#8221;][vc_separator color=&#8221;custom&#8221; accent_color=&#8221;#8b18f6&#8243;][vc_empty_space height=&#8221;40px&#8221;][vc_row_inner][vc_column_inner width=&#8221;1\/4&#8243;][mnky_retina_image img_url=&#8221;359&#8243; width=&#8221;200px&#8221; link=&#8221;url:https%3A%2F%2Fiacrianca.pt%2F|target:_blank&#8221;][vc_empty_space height=&#8221;20px&#8221;][\/vc_column_inner][vc_column_inner width=&#8221;3\/4&#8243;][vc_column_text]<a href=\"https:\/\/iacrianca.pt\/\" target=\"_blank\" rel=\"noopener\">www.iacrianca.pt<\/a>[\/vc_column_text][vc_empty_space height=&#8221;10px&#8221;][vc_column_text]<strong>Instituto de Apoio \u00e0 Crian\u00e7a<\/strong>[\/vc_column_text][\/vc_column_inner][\/vc_row_inner][vc_empty_space height=&#8221;40px&#8221;][vc_separator color=&#8221;custom&#8221; accent_color=&#8221;#8b18f6&#8243;][vc_empty_space height=&#8221;40px&#8221;][vc_row_inner][vc_column_inner width=&#8221;1\/4&#8243;][mnky_retina_image img_url=&#8221;365&#8243; width=&#8221;200px&#8221; link=&#8221;url:http%3A%2F%2Fwww.msakademija.lt%2F|target:_blank&#8221;][vc_empty_space height=&#8221;20px&#8221;][\/vc_column_inner][vc_column_inner width=&#8221;3\/4&#8243;][vc_column_text]<a href=\"http:\/\/www.msakademija.lt\/\" target=\"_blank\" rel=\"noopener\">www.msakademija.lt<\/a>[\/vc_column_text][vc_empty_space height=&#8221;10px&#8221;][vc_column_text]<strong>Vie\u0161oji \u012fstaiga Mano \u0161eimos akademij<\/strong>[\/vc_column_text][\/vc_column_inner][\/vc_row_inner][vc_empty_space height=&#8221;40px&#8221;][vc_separator color=&#8221;custom&#8221; accent_color=&#8221;#8b18f6&#8243;][vc_empty_space height=&#8221;40px&#8221;][vc_row_inner][vc_column_inner width=&#8221;1\/4&#8243;][mnky_retina_image img_url=&#8221;394&#8243; width=&#8221;200px&#8221; link=&#8221;url:https%3A%2F%2Fwww.ckziu25.sosnowiec.pl%2F|target:_blank&#8221;][vc_empty_space height=&#8221;20px&#8221;][\/vc_column_inner][vc_column_inner width=&#8221;3\/4&#8243;][vc_column_text]<a href=\"https:\/\/www.ckziu25.sosnowiec.pl\/\">www.ckziu25.sosnowiec.pl<\/a>[\/vc_column_text][vc_empty_space height=&#8221;10px&#8221;][vc_column_text]<strong>Centrum Kszta\u0142cenia Zawodowego i Ustawicznego w Sosnowcu<br \/>\nul. Kili\u0144skiego 25<\/strong>[\/vc_column_text][\/vc_column_inner][\/vc_row_inner][vc_empty_space height=&#8221;40px&#8221;][vc_separator color=&#8221;custom&#8221; accent_color=&#8221;#8b18f6&#8243;][vc_empty_space height=&#8221;40px&#8221;][vc_row_inner][vc_column_inner width=&#8221;1\/4&#8243;][mnky_retina_image img_url=&#8221;398&#8243; width=&#8221;200px&#8221; link=&#8221;url:http%3A%2F%2Fwww.teczowa-kraina-dg.pl%2F|target:_blank&#8221;][vc_empty_space height=&#8221;20px&#8221;][\/vc_column_inner][vc_column_inner width=&#8221;3\/4&#8243;][vc_column_text]<a href=\"http:\/\/www.teczowa-kraina-dg.pl\/\" target=\"_blank\" rel=\"noopener\">www.teczowa-kraina-dg.pl<\/a>[\/vc_column_text][vc_empty_space height=&#8221;10px&#8221;][vc_column_text]<strong>Niepubliczne Przedszkole &#8211; T\u0119czowa Kraina<\/strong>[\/vc_column_text][\/vc_column_inner][\/vc_row_inner][vc_empty_space height=&#8221;40px&#8221;][vc_separator color=&#8221;custom&#8221; accent_color=&#8221;#8b18f6&#8243;][vc_empty_space height=&#8221;40px&#8221;][vc_row_inner][vc_column_inner width=&#8221;1\/4&#8243;][mnky_retina_image img_url=&#8221;396&#8243; width=&#8221;200px&#8221; link=&#8221;url:http%3A%2F%2Fkultura.siewierz.pl%2F|target:_blank&#8221;][vc_empty_space height=&#8221;20px&#8221;][\/vc_column_inner][vc_column_inner width=&#8221;3\/4&#8243;][vc_column_text]<a href=\"https:\/\/mgcksit.siewierz.pl\/\" target=\"_blank\" rel=\"noopener\">mgcksit.siewierz.pl<\/a>[\/vc_column_text][vc_empty_space height=&#8221;10px&#8221;][vc_column_text]<strong>Miejsko-Gminne Centrum Kultury Sportu i Turystyki w Siewierzu<\/strong>[\/vc_column_text][\/vc_column_inner][\/vc_row_inner][vc_empty_space height=&#8221;40px&#8221;][vc_separator color=&#8221;custom&#8221; accent_color=&#8221;#8b18f6&#8243;][vc_empty_space height=&#8221;40px&#8221;][vc_row_inner][vc_column_inner width=&#8221;1\/4&#8243;][mnky_retina_image img_url=&#8221;395&#8243; width=&#8221;115px&#8221; link=&#8221;url:http%3A%2F%2Ffundacjaszkolnatzn.pl%2F|target:_blank&#8221;][vc_empty_space height=&#8221;20px&#8221;][\/vc_column_inner][vc_column_inner width=&#8221;3\/4&#8243;][vc_column_text]<a href=\"http:\/\/fundacjaszkolnatzn.pl\/\" target=\"_blank\" rel=\"noopener\">www.fundacjaszkolnatzn.pl<\/a>[\/vc_column_text][vc_empty_space height=&#8221;10px&#8221;][vc_column_text]<strong>Fundacja szkolna TZN w D\u0105browie G\u00f3rniczej<\/strong>[\/vc_column_text][\/vc_column_inner][\/vc_row_inner][vc_empty_space height=&#8221;40px&#8221;][vc_separator color=&#8221;custom&#8221; accent_color=&#8221;#8b18f6&#8243;][vc_empty_space height=&#8221;40px&#8221;][vc_row_inner][vc_column_inner width=&#8221;1\/4&#8243;][mnky_retina_image img_url=&#8221;397&#8243; width=&#8221;127px&#8221; link=&#8221;url:https%3A%2F%2Fwww.polsl.pl%2Fwydzialy%2Frt%2FStrony%2FWitamy.aspx|target:_blank&#8221;][vc_empty_space height=&#8221;20px&#8221;][\/vc_column_inner][vc_column_inner width=&#8221;3\/4&#8243;][vc_column_text]<a href=\"https:\/\/www.polsl.pl\/wydzialy\/rt\/Strony\/Witamy.aspx\" target=\"_blank\" rel=\"noopener\">www.polsl.pl<\/a>[\/vc_column_text][vc_empty_space height=&#8221;10px&#8221;][vc_column_text]<strong>Politechnika \u015al\u0105ska &#8211; Wydzia\u0142 Transportu i In\u017cynierii Lotniczej \/ Katedra Transportu Kolejowego<\/strong>[\/vc_column_text][\/vc_column_inner][\/vc_row_inner][vc_empty_space height=&#8221;40px&#8221;][vc_separator color=&#8221;custom&#8221; accent_color=&#8221;#8b18f6&#8243;][vc_empty_space height=&#8221;40px&#8221;][vc_row_inner][vc_column_inner width=&#8221;1\/4&#8243;][mnky_retina_image img_url=&#8221;683&#8243; width=&#8221;130px&#8221; link=&#8221;url:http%3A%2F%2Fswiatdziecka.org.pl%2F|target:_blank&#8221;][vc_empty_space height=&#8221;20px&#8221;][\/vc_column_inner][vc_column_inner width=&#8221;3\/4&#8243;][vc_column_text]<a href=\"http:\/\/swiatdziecka.org.pl\/\" target=\"_blank\" rel=\"noopener\">www.swiatdziecka.org.pl<\/a>[\/vc_column_text][vc_empty_space height=&#8221;10px&#8221;][vc_column_text]<strong>Niepubliczny \u017b\u0142obek i Przedszkole \u201e\u015awiat Dziecka\u201d w Siewierzu <\/strong>[\/vc_column_text][\/vc_column_inner][\/vc_row_inner][vc_empty_space height=&#8221;40px&#8221;][\/vc_column][\/vc_row]<\/p>\n<\/div>","protected":false},"excerpt":{"rendered":"<p>[vc_row][vc_column][vc_column_text] Our partners [\/vc_column_text][vc_empty_space height=&#8221;40px&#8221;][vc_row_inner][vc_column_inner width=&#8221;1\/4&#8243;][mnky_retina_image img_url=&#8221;390&#8243; width=&#8221;200px&#8221; link=&#8221;url:http%3A%2F%2Fwww.szansana.website.pl|target:_blank&#8221;][vc_empty_space height=&#8221;20px&#8221;][\/vc_column_inner][vc_column_inner width=&#8221;3\/4&#8243;][vc_column_text]www.szansana.website.pl[\/vc_column_text][vc_empty_space height=&#8221;10px&#8221;][vc_column_text]The Social Welfare Center in \u017bory[\/vc_column_text][\/vc_column_inner][\/vc_row_inner][vc_empty_space height=&#8221;40px&#8221;][vc_separator color=&#8221;custom&#8221; accent_color=&#8221;#8b18f6&#8243;][vc_empty_space &hellip; <\/p>\n","protected":false},"author":1,"featured_media":0,"parent":0,"menu_order":0,"comment_status":"closed","ping_status":"closed","template":"page-left-sidebar.php","meta":{"footnotes":""},"class_list":["post-514","page","type-page","status-publish","hentry"],"yoast_head":"<!-- This site is optimized with the Yoast SEO plugin v26.6 - https:\/\/yoast.com\/wordpress\/plugins\/seo\/ -->\n<title>Our partners - Fundacja Smart<\/title>\n<meta name=\"robots\" content=\"index, follow, max-snippet:-1, max-image-preview:large, max-video-preview:-1\" \/>\n<link rel=\"canonical\" href=\"https:\/\/fundacjasmart.pl\/en\/our-partners\/\" \/>\n<meta property=\"og:locale\" content=\"en_US\" \/>\n<meta property=\"og:type\" content=\"article\" \/>\n<meta property=\"og:title\" content=\"Our partners - Fundacja Smart\" \/>\n<meta property=\"og:description\" content=\"[vc_row][vc_column][vc_column_text] Our partners [\/vc_column_text][vc_empty_space height=&#8221;40px&#8221;][vc_row_inner][vc_column_inner width=&#8221;1\/4&#8243;][mnky_retina_image img_url=&#8221;390&#8243; width=&#8221;200px&#8221; link=&#8221;url:http%3A%2F%2Fwww.szansana.website.pl|target:_blank&#8221;][vc_empty_space height=&#8221;20px&#8221;][\/vc_column_inner][vc_column_inner width=&#8221;3\/4&#8243;][vc_column_text]www.szansana.website.pl[\/vc_column_text][vc_empty_space height=&#8221;10px&#8221;][vc_column_text]The Social Welfare Center in \u017bory[\/vc_column_text][\/vc_column_inner][\/vc_row_inner][vc_empty_space height=&#8221;40px&#8221;][vc_separator color=&#8221;custom&#8221; accent_color=&#8221;#8b18f6&#8243;][vc_empty_space &hellip;\" \/>\n<meta property=\"og:url\" content=\"https:\/\/fundacjasmart.pl\/en\/our-partners\/\" \/>\n<meta property=\"og:site_name\" content=\"Fundacja Smart\" \/>\n<meta property=\"article:modified_time\" content=\"2022-12-07T20:29:51+00:00\" \/>\n<meta name=\"twitter:card\" content=\"summary_large_image\" \/>\n<meta name=\"twitter:label1\" content=\"Est. reading time\" \/>\n\t<meta name=\"twitter:data1\" content=\"2 minutes\" \/>\n<script type=\"application\/ld+json\" class=\"yoast-schema-graph\">{\"@context\":\"https:\/\/schema.org\",\"@graph\":[{\"@type\":\"WebPage\",\"@id\":\"https:\/\/fundacjasmart.pl\/en\/our-partners\/\",\"url\":\"https:\/\/fundacjasmart.pl\/en\/our-partners\/\",\"name\":\"Our partners - Fundacja Smart\",\"isPartOf\":{\"@id\":\"https:\/\/fundacjasmart.pl\/#website\"},\"datePublished\":\"2021-01-12T21:04:09+00:00\",\"dateModified\":\"2022-12-07T20:29:51+00:00\",\"breadcrumb\":{\"@id\":\"https:\/\/fundacjasmart.pl\/en\/our-partners\/#breadcrumb\"},\"inLanguage\":\"en-US\",\"potentialAction\":[{\"@type\":\"ReadAction\",\"target\":[\"https:\/\/fundacjasmart.pl\/en\/our-partners\/\"]}]},{\"@type\":\"BreadcrumbList\",\"@id\":\"https:\/\/fundacjasmart.pl\/en\/our-partners\/#breadcrumb\",\"itemListElement\":[{\"@type\":\"ListItem\",\"position\":1,\"name\":\"Strona g\u0142\u00f3wna\",\"item\":\"https:\/\/fundacjasmart.pl\/en\/\"},{\"@type\":\"ListItem\",\"position\":2,\"name\":\"Our partners\"}]},{\"@type\":\"WebSite\",\"@id\":\"https:\/\/fundacjasmart.pl\/#website\",\"url\":\"https:\/\/fundacjasmart.pl\/\",\"name\":\"Fundacja Smart\",\"description\":\"\",\"potentialAction\":[{\"@type\":\"SearchAction\",\"target\":{\"@type\":\"EntryPoint\",\"urlTemplate\":\"https:\/\/fundacjasmart.pl\/?s={search_term_string}\"},\"query-input\":{\"@type\":\"PropertyValueSpecification\",\"valueRequired\":true,\"valueName\":\"search_term_string\"}}],\"inLanguage\":\"en-US\"}]}<\/script>\n<!-- \/ Yoast SEO plugin. -->","yoast_head_json":{"title":"Our partners - Fundacja Smart","robots":{"index":"index","follow":"follow","max-snippet":"max-snippet:-1","max-image-preview":"max-image-preview:large","max-video-preview":"max-video-preview:-1"},"canonical":"https:\/\/fundacjasmart.pl\/en\/our-partners\/","og_locale":"en_US","og_type":"article","og_title":"Our partners - Fundacja Smart","og_description":"[vc_row][vc_column][vc_column_text] Our partners [\/vc_column_text][vc_empty_space height=&#8221;40px&#8221;][vc_row_inner][vc_column_inner width=&#8221;1\/4&#8243;][mnky_retina_image img_url=&#8221;390&#8243; width=&#8221;200px&#8221; link=&#8221;url:http%3A%2F%2Fwww.szansana.website.pl|target:_blank&#8221;][vc_empty_space height=&#8221;20px&#8221;][\/vc_column_inner][vc_column_inner width=&#8221;3\/4&#8243;][vc_column_text]www.szansana.website.pl[\/vc_column_text][vc_empty_space height=&#8221;10px&#8221;][vc_column_text]The Social Welfare Center in \u017bory[\/vc_column_text][\/vc_column_inner][\/vc_row_inner][vc_empty_space height=&#8221;40px&#8221;][vc_separator color=&#8221;custom&#8221; accent_color=&#8221;#8b18f6&#8243;][vc_empty_space &hellip;","og_url":"https:\/\/fundacjasmart.pl\/en\/our-partners\/","og_site_name":"Fundacja Smart","article_modified_time":"2022-12-07T20:29:51+00:00","twitter_card":"summary_large_image","twitter_misc":{"Est. reading time":"2 minutes"},"schema":{"@context":"https:\/\/schema.org","@graph":[{"@type":"WebPage","@id":"https:\/\/fundacjasmart.pl\/en\/our-partners\/","url":"https:\/\/fundacjasmart.pl\/en\/our-partners\/","name":"Our partners - Fundacja Smart","isPartOf":{"@id":"https:\/\/fundacjasmart.pl\/#website"},"datePublished":"2021-01-12T21:04:09+00:00","dateModified":"2022-12-07T20:29:51+00:00","breadcrumb":{"@id":"https:\/\/fundacjasmart.pl\/en\/our-partners\/#breadcrumb"},"inLanguage":"en-US","potentialAction":[{"@type":"ReadAction","target":["https:\/\/fundacjasmart.pl\/en\/our-partners\/"]}]},{"@type":"BreadcrumbList","@id":"https:\/\/fundacjasmart.pl\/en\/our-partners\/#breadcrumb","itemListElement":[{"@type":"ListItem","position":1,"name":"Strona g\u0142\u00f3wna","item":"https:\/\/fundacjasmart.pl\/en\/"},{"@type":"ListItem","position":2,"name":"Our partners"}]},{"@type":"WebSite","@id":"https:\/\/fundacjasmart.pl\/#website","url":"https:\/\/fundacjasmart.pl\/","name":"Fundacja Smart","description":"","potentialAction":[{"@type":"SearchAction","target":{"@type":"EntryPoint","urlTemplate":"https:\/\/fundacjasmart.pl\/?s={search_term_string}"},"query-input":{"@type":"PropertyValueSpecification","valueRequired":true,"valueName":"search_term_string"}}],"inLanguage":"en-US"}]}},"_links":{"self":[{"href":"https:\/\/fundacjasmart.pl\/en\/wp-json\/wp\/v2\/pages\/514","targetHints":{"allow":["GET"]}}],"collection":[{"href":"https:\/\/fundacjasmart.pl\/en\/wp-json\/wp\/v2\/pages"}],"about":[{"href":"https:\/\/fundacjasmart.pl\/en\/wp-json\/wp\/v2\/types\/page"}],"author":[{"embeddable":true,"href":"https:\/\/fundacjasmart.pl\/en\/wp-json\/wp\/v2\/users\/1"}],"replies":[{"embeddable":true,"href":"https:\/\/fundacjasmart.pl\/en\/wp-json\/wp\/v2\/comments?post=514"}],"version-history":[{"count":4,"href":"https:\/\/fundacjasmart.pl\/en\/wp-json\/wp\/v2\/pages\/514\/revisions"}],"predecessor-version":[{"id":2460,"href":"https:\/\/fundacjasmart.pl\/en\/wp-json\/wp\/v2\/pages\/514\/revisions\/2460"}],"wp:attachment":[{"href":"https:\/\/fundacjasmart.pl\/en\/wp-json\/wp\/v2\/media?parent=514"}],"curies":[{"name":"wp","href":"https:\/\/api.w.org\/{rel}","templated":true}]}}