{"id":2202,"date":"2022-10-08T01:34:27","date_gmt":"2022-10-08T01:34:27","guid":{"rendered":"https:\/\/fundacjasmart.pl\/?page_id=2202"},"modified":"2022-10-08T01:39:15","modified_gmt":"2022-10-08T01:39:15","slug":"project-e-senior-2","status":"publish","type":"page","link":"https:\/\/fundacjasmart.pl\/en\/project-e-senior-2\/","title":{"rendered":"Project E-Senior 2"},"content":{"rendered":"<div class=\"wpb-content-wrapper\"><p>[vc_row][vc_column][vc_column_text]<img loading=\"lazy\" decoding=\"async\" class=\"alignright wp-image-2200\" src=\"https:\/\/fundacjasmart.pl\/wp-content\/uploads\/2022\/10\/esenior2-plakat.jpg\" alt=\"\" width=\"400\" height=\"560\" srcset=\"https:\/\/fundacjasmart.pl\/wp-content\/uploads\/2022\/10\/esenior2-plakat.jpg 700w, https:\/\/fundacjasmart.pl\/wp-content\/uploads\/2022\/10\/esenior2-plakat-214x300.jpg 214w\" sizes=\"auto, (max-width: 400px) 100vw, 400px\" \/><\/p>\n<h1>Project \u201eE-Senior 2&#8243;<\/h1>\n<p>Europejski Korpus Solidarno\u015bci<br \/>\nProject no 2022-1-PL01-ESC30-SOL-000067331<br \/>\nImplementation period \u2013 1\/09\/2022 \u2013 31\/08\/2023<\/p>\n<p><a class=\"read-more\" href=\"https:\/\/esenior2.fundacjasmart.pl\" target=\"_blank\" rel=\"noopener\">Go to project website<\/a><\/p>\n<p>G\u0142\u00f3wnym celem projektu jest wprowadzenie senior\u00f3w do wirtualnej rzeczywisto\u015bci oraz pobudzenie ich ciekawo\u015bci i przedstawienie mo\u017cliwo\u015bci z jakich mog\u0105 korzysta\u0107 aby u\u0142atwi\u0107 sobie \u017cycie oraz za\u0142atwianie codziennych spraw. Chcemy rozbudowa\u0107 ich zainteresowanie \u015brodowiskiem wirtualnym i nowymi technologiami. Bardzo wa\u017cne jest dla nas r\u00f3wnie\u017c u\u015bwiadomienie seniorom jakie zagro\u017cenia wynikaj\u0105 z korzystania z nowych technologii w r\u00f3\u017cnych sytuacjach. Chcemy zapewni\u0107 naszym seniorom bezpiecze\u0144stwo i opiek\u0119, aby wkroczyli w wirtualne \u017cycie \u015bwiadomie i odpowiedzialnie.[\/vc_column_text][\/vc_column][\/vc_row]<\/p>\n<\/div>","protected":false},"excerpt":{"rendered":"<p>[vc_row][vc_column][vc_column_text] Project \u201eE-Senior 2&#8243; Europejski Korpus Solidarno\u015bci Project no 2022-1-PL01-ESC30-SOL-000067331 Implementation period \u2013 1\/09\/2022 \u2013 31\/08\/2023 Go to project website &hellip; <\/p>\n","protected":false},"author":1,"featured_media":0,"parent":0,"menu_order":0,"comment_status":"closed","ping_status":"closed","template":"page-left-sidebar.php","meta":{"footnotes":""},"class_list":["post-2202","page","type-page","status-publish","hentry"],"yoast_head":"<!-- This site is optimized with the Yoast SEO plugin v26.6 - https:\/\/yoast.com\/wordpress\/plugins\/seo\/ -->\n<title>Project E-Senior 2 - Fundacja Smart<\/title>\n<meta name=\"robots\" content=\"index, follow, max-snippet:-1, max-image-preview:large, max-video-preview:-1\" \/>\n<link rel=\"canonical\" href=\"https:\/\/fundacjasmart.pl\/en\/project-e-senior-2\/\" \/>\n<meta property=\"og:locale\" content=\"en_US\" \/>\n<meta property=\"og:type\" content=\"article\" \/>\n<meta property=\"og:title\" content=\"Project E-Senior 2 - Fundacja Smart\" \/>\n<meta property=\"og:description\" content=\"[vc_row][vc_column][vc_column_text] Project \u201eE-Senior 2&#8243; Europejski Korpus Solidarno\u015bci Project no 2022-1-PL01-ESC30-SOL-000067331 Implementation period \u2013 1\/09\/2022 \u2013 31\/08\/2023 Go to project website &hellip;\" \/>\n<meta property=\"og:url\" content=\"https:\/\/fundacjasmart.pl\/en\/project-e-senior-2\/\" \/>\n<meta property=\"og:site_name\" content=\"Fundacja Smart\" \/>\n<meta property=\"article:modified_time\" content=\"2022-10-08T01:39:15+00:00\" \/>\n<meta property=\"og:image\" content=\"https:\/\/fundacjasmart.pl\/wp-content\/uploads\/2022\/10\/esenior2-plakat.jpg\" \/>\n<meta name=\"twitter:card\" content=\"summary_large_image\" \/>\n<meta name=\"twitter:label1\" content=\"Est. reading time\" \/>\n\t<meta name=\"twitter:data1\" content=\"1 minute\" \/>\n<script type=\"application\/ld+json\" class=\"yoast-schema-graph\">{\"@context\":\"https:\/\/schema.org\",\"@graph\":[{\"@type\":\"WebPage\",\"@id\":\"https:\/\/fundacjasmart.pl\/en\/project-e-senior-2\/\",\"url\":\"https:\/\/fundacjasmart.pl\/en\/project-e-senior-2\/\",\"name\":\"Project E-Senior 2 - Fundacja Smart\",\"isPartOf\":{\"@id\":\"https:\/\/fundacjasmart.pl\/#website\"},\"primaryImageOfPage\":{\"@id\":\"https:\/\/fundacjasmart.pl\/en\/project-e-senior-2\/#primaryimage\"},\"image\":{\"@id\":\"https:\/\/fundacjasmart.pl\/en\/project-e-senior-2\/#primaryimage\"},\"thumbnailUrl\":\"https:\/\/fundacjasmart.pl\/wp-content\/uploads\/2022\/10\/esenior2-plakat.jpg\",\"datePublished\":\"2022-10-08T01:34:27+00:00\",\"dateModified\":\"2022-10-08T01:39:15+00:00\",\"breadcrumb\":{\"@id\":\"https:\/\/fundacjasmart.pl\/en\/project-e-senior-2\/#breadcrumb\"},\"inLanguage\":\"en-US\",\"potentialAction\":[{\"@type\":\"ReadAction\",\"target\":[\"https:\/\/fundacjasmart.pl\/en\/project-e-senior-2\/\"]}]},{\"@type\":\"ImageObject\",\"inLanguage\":\"en-US\",\"@id\":\"https:\/\/fundacjasmart.pl\/en\/project-e-senior-2\/#primaryimage\",\"url\":\"https:\/\/fundacjasmart.pl\/wp-content\/uploads\/2022\/10\/esenior2-plakat.jpg\",\"contentUrl\":\"https:\/\/fundacjasmart.pl\/wp-content\/uploads\/2022\/10\/esenior2-plakat.jpg\"},{\"@type\":\"BreadcrumbList\",\"@id\":\"https:\/\/fundacjasmart.pl\/en\/project-e-senior-2\/#breadcrumb\",\"itemListElement\":[{\"@type\":\"ListItem\",\"position\":1,\"name\":\"Strona g\u0142\u00f3wna\",\"item\":\"https:\/\/fundacjasmart.pl\/en\/\"},{\"@type\":\"ListItem\",\"position\":2,\"name\":\"Project E-Senior 2\"}]},{\"@type\":\"WebSite\",\"@id\":\"https:\/\/fundacjasmart.pl\/#website\",\"url\":\"https:\/\/fundacjasmart.pl\/\",\"name\":\"Fundacja Smart\",\"description\":\"\",\"potentialAction\":[{\"@type\":\"SearchAction\",\"target\":{\"@type\":\"EntryPoint\",\"urlTemplate\":\"https:\/\/fundacjasmart.pl\/?s={search_term_string}\"},\"query-input\":{\"@type\":\"PropertyValueSpecification\",\"valueRequired\":true,\"valueName\":\"search_term_string\"}}],\"inLanguage\":\"en-US\"}]}<\/script>\n<!-- \/ Yoast SEO plugin. -->","yoast_head_json":{"title":"Project E-Senior 2 - Fundacja Smart","robots":{"index":"index","follow":"follow","max-snippet":"max-snippet:-1","max-image-preview":"max-image-preview:large","max-video-preview":"max-video-preview:-1"},"canonical":"https:\/\/fundacjasmart.pl\/en\/project-e-senior-2\/","og_locale":"en_US","og_type":"article","og_title":"Project E-Senior 2 - Fundacja Smart","og_description":"[vc_row][vc_column][vc_column_text] Project \u201eE-Senior 2&#8243; Europejski Korpus Solidarno\u015bci Project no 2022-1-PL01-ESC30-SOL-000067331 Implementation period \u2013 1\/09\/2022 \u2013 31\/08\/2023 Go to project website &hellip;","og_url":"https:\/\/fundacjasmart.pl\/en\/project-e-senior-2\/","og_site_name":"Fundacja Smart","article_modified_time":"2022-10-08T01:39:15+00:00","og_image":[{"url":"https:\/\/fundacjasmart.pl\/wp-content\/uploads\/2022\/10\/esenior2-plakat.jpg","type":"","width":"","height":""}],"twitter_card":"summary_large_image","twitter_misc":{"Est. reading time":"1 minute"},"schema":{"@context":"https:\/\/schema.org","@graph":[{"@type":"WebPage","@id":"https:\/\/fundacjasmart.pl\/en\/project-e-senior-2\/","url":"https:\/\/fundacjasmart.pl\/en\/project-e-senior-2\/","name":"Project E-Senior 2 - Fundacja Smart","isPartOf":{"@id":"https:\/\/fundacjasmart.pl\/#website"},"primaryImageOfPage":{"@id":"https:\/\/fundacjasmart.pl\/en\/project-e-senior-2\/#primaryimage"},"image":{"@id":"https:\/\/fundacjasmart.pl\/en\/project-e-senior-2\/#primaryimage"},"thumbnailUrl":"https:\/\/fundacjasmart.pl\/wp-content\/uploads\/2022\/10\/esenior2-plakat.jpg","datePublished":"2022-10-08T01:34:27+00:00","dateModified":"2022-10-08T01:39:15+00:00","breadcrumb":{"@id":"https:\/\/fundacjasmart.pl\/en\/project-e-senior-2\/#breadcrumb"},"inLanguage":"en-US","potentialAction":[{"@type":"ReadAction","target":["https:\/\/fundacjasmart.pl\/en\/project-e-senior-2\/"]}]},{"@type":"ImageObject","inLanguage":"en-US","@id":"https:\/\/fundacjasmart.pl\/en\/project-e-senior-2\/#primaryimage","url":"https:\/\/fundacjasmart.pl\/wp-content\/uploads\/2022\/10\/esenior2-plakat.jpg","contentUrl":"https:\/\/fundacjasmart.pl\/wp-content\/uploads\/2022\/10\/esenior2-plakat.jpg"},{"@type":"BreadcrumbList","@id":"https:\/\/fundacjasmart.pl\/en\/project-e-senior-2\/#breadcrumb","itemListElement":[{"@type":"ListItem","position":1,"name":"Strona g\u0142\u00f3wna","item":"https:\/\/fundacjasmart.pl\/en\/"},{"@type":"ListItem","position":2,"name":"Project E-Senior 2"}]},{"@type":"WebSite","@id":"https:\/\/fundacjasmart.pl\/#website","url":"https:\/\/fundacjasmart.pl\/","name":"Fundacja Smart","description":"","potentialAction":[{"@type":"SearchAction","target":{"@type":"EntryPoint","urlTemplate":"https:\/\/fundacjasmart.pl\/?s={search_term_string}"},"query-input":{"@type":"PropertyValueSpecification","valueRequired":true,"valueName":"search_term_string"}}],"inLanguage":"en-US"}]}},"_links":{"self":[{"href":"https:\/\/fundacjasmart.pl\/en\/wp-json\/wp\/v2\/pages\/2202","targetHints":{"allow":["GET"]}}],"collection":[{"href":"https:\/\/fundacjasmart.pl\/en\/wp-json\/wp\/v2\/pages"}],"about":[{"href":"https:\/\/fundacjasmart.pl\/en\/wp-json\/wp\/v2\/types\/page"}],"author":[{"embeddable":true,"href":"https:\/\/fundacjasmart.pl\/en\/wp-json\/wp\/v2\/users\/1"}],"replies":[{"embeddable":true,"href":"https:\/\/fundacjasmart.pl\/en\/wp-json\/wp\/v2\/comments?post=2202"}],"version-history":[{"count":4,"href":"https:\/\/fundacjasmart.pl\/en\/wp-json\/wp\/v2\/pages\/2202\/revisions"}],"predecessor-version":[{"id":2211,"href":"https:\/\/fundacjasmart.pl\/en\/wp-json\/wp\/v2\/pages\/2202\/revisions\/2211"}],"wp:attachment":[{"href":"https:\/\/fundacjasmart.pl\/en\/wp-json\/wp\/v2\/media?parent=2202"}],"curies":[{"name":"wp","href":"https:\/\/api.w.org\/{rel}","templated":true}]}}